{"id":378,"date":"2025-05-30T10:23:38","date_gmt":"2025-05-30T08:23:38","guid":{"rendered":"https:\/\/lab.agence-berlioz.com\/gcb-dev\/?page_id=378"},"modified":"2025-05-30T10:23:38","modified_gmt":"2025-05-30T08:23:38","slug":"mentions-legales","status":"publish","type":"page","link":"https:\/\/lab.agence-berlioz.com\/gcb-dev\/mentions-legales\/","title":{"rendered":"Mentions l\u00e9gales"},"content":{"rendered":"\n<h2 class=\"wp-block-heading\">IDENTIFICATION<\/h2>\n\n\n\n<p>Le pr\u00e9sent site <a href=\"https:\/\/gcb-etudes.fr\/\">https:\/\/gcb-etudes.fr<\/a> (ci-apr\u00e8s \u00ab le Site \u00bb)\u00a0est \u00e9dit\u00e9 par GCB \u00c9tudes<br><\/p>\n\n\n\n<p>\u00c9tablissement principal :\u00a0<br>GCB \u00c9tudes<br>18 bis rue Foch<br>54110 CREVIC<br><a href=\"tel:0387237177\">06.12.84.82.96<\/a><\/p>\n\n\n\n<p>Conception \/ r\u00e9alisation du site : <a href=\"https:\/\/www.agence-berlioz.com\/\" target=\"_blank\" rel=\"noreferrer noopener\">Agence Berlioz<\/a><\/p>\n\n\n\n<h2 class=\"wp-block-heading\">RESPONSABILIT\u00c9<\/h2>\n\n\n\n<p>GCB \u00c9tudes s\u2019efforce d\u2019assurer au mieux de ses possibilit\u00e9s l\u2019exactitude et la mise \u00e0 jour des informations diffus\u00e9es sur le site, ainsi que l\u2019acc\u00e8s \u00e0 ces informations. Toutefois, GCB \u00c9tudes d\u00e9cline toute responsabilit\u00e9 :<\/p>\n\n\n\n<ul class=\"wp-block-list\">\n<li>pour toute interruption du site<\/li>\n\n\n\n<li>pour la survenance de bogues<\/li>\n\n\n\n<li>pour toute inexactitude ou omission portant sur des informations disponibles sur le site<\/li>\n\n\n\n<li>pour tout dommage r\u00e9sultant d\u2019une intrusion frauduleuse d\u2019un tiers ayant entra\u00een\u00e9 une modification des informations diffus\u00e9es sur ce site et plus g\u00e9n\u00e9ralement, pour tout dommage direct et indirect, quelles qu\u2019en soient les causes, origines, natures ou cons\u00e9quences.<\/li>\n<\/ul>\n\n\n\n<h2 class=\"wp-block-heading\">CONDITIONS G\u00c9N\u00c9RALES D\u2019UTILISATION<\/h2>\n\n\n\n<p>En utilisant le site internet de\u00a0 GCB \u00c9tudes, accessible \u00e0 l\u2019adresse <a href=\"https:\/\/gcb-etudes.fr\/\">https:\/\/gcb-etudes.fr<\/a>, vous acceptez d\u2019\u00eatre soumis aux pr\u00e9sentes conditions g\u00e9n\u00e9rales d\u2019utilisation. GCB \u00c9tudes se r\u00e9serve le droit de modifier ou remplacer certaines dispositions des pr\u00e9sentes conditions g\u00e9n\u00e9rales d\u2019utilisation. Ces changements seront toutefois clairement annonc\u00e9s en ligne avant leur application effective.<\/p>\n\n\n\n<h2 class=\"wp-block-heading\">DROITS DE PROPRI\u00c9T\u00c9 INTELLECTUELLE<\/h2>\n\n\n\n<p>GCB \u00c9tudes est titulaire de tous les droits de propri\u00e9t\u00e9 intellectuelle relatifs au site ou d\u00e9tient les droits d\u2019usage y aff\u00e9rents. Les \u00e9l\u00e9ments accessibles sur le site, notamment les photographies, textes, images, ic\u00f4nes et logos sont \u00e9galement prot\u00e9g\u00e9s par des droits de propri\u00e9t\u00e9 intellectuelle dont GCB \u00c9tudes est titulaire ou sur lesquels elle d\u00e9tient les droits d\u2019usage. Vous ne pouvez en aucun cas reproduire, copier, modifier, utiliser sur quelque support que ce soit, par quelque moyen que ce soit, ou exploiter de mani\u00e8re que ce soit tout ou partie du site sans l\u2019autorisation \u00e9crite au pr\u00e9alable de GCB \u00c9tudes. L\u2019exploitation non pr\u00e9alablement autoris\u00e9e par GCB \u00c9tudes \u00e0 quelque titre que ce soit, de tout ou partie du site pourra faire l\u2019objet de toute action appropri\u00e9e, notamment d\u2019une action en contrefa\u00e7on.<\/p>\n\n\n\n<h2 class=\"wp-block-heading\">LIENS HYPERTEXTES<\/h2>\n\n\n\n<p>L\u2019insertion de liens hypertextes vers tout ou partie du site est autoris\u00e9e, \u00e0 titre non exclusif et r\u00e9vocable \u00e0 tout moment sans que GCB \u00c9tudes ait \u00e0 fournir une quelconque justification, et \u00e0 condition que ce lien ne puisse cr\u00e9er \u00e0 l\u2019encontre de GCB \u00c9tudes un caract\u00e8re mensonger, faux, p\u00e9joratif ou pouvant lui porter pr\u00e9judice. Ce lien hypertexte ne pourra engager la responsabilit\u00e9 de GCB \u00c9tudes \u00e0 quelque titre que ce soit, sur le contenu du site sur lequel figure le lien. Toute utilisation dans le lien du logo, de la marque ou des graphismes de GCB \u00c9tudes n\u00e9cessite l\u2019autorisation pr\u00e9alable, expresse et \u00e9crite de cette derni\u00e8re.<\/p>\n\n\n\n<h2 class=\"wp-block-heading\">COLLECTE ET TRAITEMENT DES DONN\u00c9ES<\/h2>\n\n\n\n<p>Les informations personnelles qui vous sont demand\u00e9es sur le site sont destin\u00e9es exclusivement \u00e0 GCB \u00c9tudes et \u00e0 ses partenaires, \u00e0 des fins de gestion administrative et commerciale, et notamment lorsque vous nous contactez pour une candidature ou une demande d\u2019information. Ces donn\u00e9es ne seront utilis\u00e9es \u00e0 des fins de prospection directe qu\u2019en cas de consentement pr\u00e9alable expr\u00e8s de votre part (Loi pour la confiance de l\u2019\u00e9conomie num\u00e9rique n\u00b02004-575 du 21 juin 2004). Conform\u00e9ment \u00e0 la loi Informatiques et Libert\u00e9s n\u00b078-17 du 6 janvier 1978, nous ne conservons ces donn\u00e9es que pour une dur\u00e9e limit\u00e9e, en fonction de la finalit\u00e9 pour laquelle vous nous les avez communiqu\u00e9es. Vous disposez d\u2019un droit d\u2019acc\u00e8s et de rectification des donn\u00e9es vous concernant en \u00e9crivant \u00e0 :<br>GCB \u00c9tudes<br>18 bis rue Foch<br>54110 CREVIC<br><a href=\"tel:0387237177\">06.12.84.82.96<\/a><\/p>\n","protected":false},"excerpt":{"rendered":"<p>IDENTIFICATION Le pr\u00e9sent site https:\/\/gcb-etudes.fr (ci-apr\u00e8s \u00ab le Site \u00bb)\u00a0est \u00e9dit\u00e9 par GCB \u00c9tudes \u00c9tablissement principal :\u00a0GCB \u00c9tudes18 bis rue Foch54110 CREVIC06.12.84.82.96 Conception \/ r\u00e9alisation du site : Agence Berlioz RESPONSABILIT\u00c9 GCB \u00c9tudes s\u2019efforce d\u2019assurer au mieux de ses possibilit\u00e9s l\u2019exactitude et la mise \u00e0 jour des informations diffus\u00e9es sur le site, ainsi que l\u2019acc\u00e8s [&hellip;]<\/p>\n","protected":false},"author":1,"featured_media":0,"parent":0,"menu_order":0,"comment_status":"closed","ping_status":"closed","template":"","meta":{"_acf_changed":false,"footnotes":""},"class_list":["post-378","page","type-page","status-publish","hentry"],"acf":[],"_links":{"self":[{"href":"https:\/\/lab.agence-berlioz.com\/gcb-dev\/wp-json\/wp\/v2\/pages\/378","targetHints":{"allow":["GET"]}}],"collection":[{"href":"https:\/\/lab.agence-berlioz.com\/gcb-dev\/wp-json\/wp\/v2\/pages"}],"about":[{"href":"https:\/\/lab.agence-berlioz.com\/gcb-dev\/wp-json\/wp\/v2\/types\/page"}],"author":[{"embeddable":true,"href":"https:\/\/lab.agence-berlioz.com\/gcb-dev\/wp-json\/wp\/v2\/users\/1"}],"replies":[{"embeddable":true,"href":"https:\/\/lab.agence-berlioz.com\/gcb-dev\/wp-json\/wp\/v2\/comments?post=378"}],"version-history":[{"count":1,"href":"https:\/\/lab.agence-berlioz.com\/gcb-dev\/wp-json\/wp\/v2\/pages\/378\/revisions"}],"predecessor-version":[{"id":379,"href":"https:\/\/lab.agence-berlioz.com\/gcb-dev\/wp-json\/wp\/v2\/pages\/378\/revisions\/379"}],"wp:attachment":[{"href":"https:\/\/lab.agence-berlioz.com\/gcb-dev\/wp-json\/wp\/v2\/media?parent=378"}],"curies":[{"name":"wp","href":"https:\/\/api.w.org\/{rel}","templated":true}]}}